{"id":127,"date":"2025-07-06T14:54:58","date_gmt":"2025-07-06T14:54:58","guid":{"rendered":"https:\/\/francoiasi.ro\/?page_id=127"},"modified":"2025-07-06T15:00:13","modified_gmt":"2025-07-06T15:00:13","slug":"bft-kustos","status":"publish","type":"page","link":"https:\/\/francoiasi.ro\/?page_id=127","title":{"rendered":"BFT Kustos"},"content":{"rendered":"\t\t<div data-elementor-type=\"wp-page\" data-elementor-id=\"127\" class=\"elementor elementor-127\">\n\t\t\t\t<div class=\"elementor-element elementor-element-c506b8c e-flex e-con-boxed e-con e-parent\" data-id=\"c506b8c\" data-element_type=\"container\">\n\t\t\t\t\t<div class=\"e-con-inner\">\n\t\t\t\t<div class=\"elementor-element elementor-element-96124f8 elementor-widget elementor-widget-text-editor\" data-id=\"96124f8\" data-element_type=\"widget\" data-widget_type=\"text-editor.default\">\n\t\t\t\t\t\t\t\t\t<p data-start=\"2476\" data-end=\"2951\"><strong data-start=\"2476\" data-end=\"2490\">BFT Kustos<\/strong> este un kit premium dedicat automatiz\u0103rii por\u021bilor batante. Potrivit produc\u0103torului, acest sistem utilizeaz\u0103 motoare ireversibile de 24 V DC \u0219i este conceput s\u0103 ac\u021bioneze canate de poart\u0103 de p\u00e2n\u0103 la 2,5 m lungime \u015fi 400 kg greutate. Tehnologia avansat\u0103 (inclusiv func\u021bia D-Track) asigur\u0103 reglaje inteligente ale for\u021bei de ac\u021bionare \u0219i oprire\/reversare automat\u0103 la \u00eent\u00e2lnirea unui obstacol, sporind siguran\u021ba \u00een utilizare.<\/p><p data-start=\"2953\" data-end=\"3008\"><strong data-start=\"2953\" data-end=\"3007\">Specifica\u021bii tehnice principale BFT Kustos BT B25:<\/strong><\/p><ul data-start=\"3010\" data-end=\"3817\"><li data-start=\"3010\" data-end=\"3100\"><p data-start=\"3012\" data-end=\"3100\"><strong data-start=\"3012\" data-end=\"3026\">Alimentare<\/strong>: 230 V (plac\u0103) cu motor 24 V DC.<\/p><\/li><li data-start=\"3101\" data-end=\"3214\"><p data-start=\"3103\" data-end=\"3214\"><strong data-start=\"3103\" data-end=\"3124\">Capacitate poart\u0103<\/strong>: canat p\u00e2n\u0103 la 2,5 m lungime \u0219i 400 kg greutate.<\/p><\/li><li data-start=\"3215\" data-end=\"3333\"><p data-start=\"3217\" data-end=\"3333\"><strong data-start=\"3217\" data-end=\"3240\">Vitez\u0103 de ac\u021bionare<\/strong>: deschidere complet\u0103 90\u00b0 \u00een aproximativ 16 secunde.<\/p><\/li><li data-start=\"3334\" data-end=\"3443\"><p data-start=\"3336\" data-end=\"3443\"><strong data-start=\"3336\" data-end=\"3351\">Curs\u0103 util\u0103<\/strong>: 250 mm (tija pistonului); <strong data-start=\"3379\" data-end=\"3395\">Putere motor<\/strong>: 40 W.<\/p><\/li><li data-start=\"3444\" data-end=\"3674\"><p data-start=\"3446\" data-end=\"3674\"><strong data-start=\"3446\" data-end=\"3459\">Siguran\u021b\u0103<\/strong>: limitatori electrici de curs\u0103, opriri mecanice integrate, blocare mecanic\u0103 \u0219i eliberare cu cheie personalizat\u0103; tehnologie D-Track pentru detec\u021bia \u0219i evitarea obstacolelor.<\/p><\/li><li data-start=\"3675\" data-end=\"3817\"><p data-start=\"3677\" data-end=\"3817\"><strong data-start=\"3677\" data-end=\"3697\">Mediu de operare<\/strong>: func\u021bioneaz\u0103 \u00eentre \u201320\u00b0C \u0219i +55\u00b0C, cu protec\u021bie IP44 \u00eempotriva intemperiilor.<\/p><\/li><\/ul>\t\t\t\t\t\t\t\t<\/div>\n\t\t\t\t<div class=\"elementor-element elementor-element-2dc7871 elementor-widget elementor-widget-video\" data-id=\"2dc7871\" data-element_type=\"widget\" data-settings=\"{&quot;youtube_url&quot;:&quot;https:\\\/\\\/youtu.be\\\/ogaX0Tp6MRI&quot;,&quot;autoplay&quot;:&quot;yes&quot;,&quot;play_on_mobile&quot;:&quot;yes&quot;,&quot;mute&quot;:&quot;yes&quot;,&quot;video_type&quot;:&quot;youtube&quot;,&quot;controls&quot;:&quot;yes&quot;}\" data-widget_type=\"video.default\">\n\t\t\t\t\t\t\t<div class=\"elementor-wrapper elementor-open-inline\">\n\t\t\t<div class=\"elementor-video\"><\/div>\t\t<\/div>\n\t\t\t\t\t\t<\/div>\n\t\t\t\t\t<\/div>\n\t\t\t\t<\/div>\n\t\t\t\t<\/div>\n\t\t","protected":false},"excerpt":{"rendered":"<p>BFT Kustos este un kit premium dedicat automatiz\u0103rii por\u021bilor batante. Potrivit produc\u0103torului, acest sistem utilizeaz\u0103 motoare ireversibile de 24 V DC \u0219i este conceput s\u0103 [&hellip;]<\/p>\n","protected":false},"author":1,"featured_media":0,"parent":81,"menu_order":0,"comment_status":"closed","ping_status":"closed","template":"","meta":{"_monsterinsights_skip_tracking":false,"_monsterinsights_sitenote_active":false,"_monsterinsights_sitenote_note":"","_monsterinsights_sitenote_category":0,"footnotes":""},"class_list":["post-127","page","type-page","status-publish","hentry"],"aioseo_notices":[],"_links":{"self":[{"href":"https:\/\/francoiasi.ro\/index.php?rest_route=\/wp\/v2\/pages\/127","targetHints":{"allow":["GET"]}}],"collection":[{"href":"https:\/\/francoiasi.ro\/index.php?rest_route=\/wp\/v2\/pages"}],"about":[{"href":"https:\/\/francoiasi.ro\/index.php?rest_route=\/wp\/v2\/types\/page"}],"author":[{"embeddable":true,"href":"https:\/\/francoiasi.ro\/index.php?rest_route=\/wp\/v2\/users\/1"}],"replies":[{"embeddable":true,"href":"https:\/\/francoiasi.ro\/index.php?rest_route=%2Fwp%2Fv2%2Fcomments&post=127"}],"version-history":[{"count":4,"href":"https:\/\/francoiasi.ro\/index.php?rest_route=\/wp\/v2\/pages\/127\/revisions"}],"predecessor-version":[{"id":131,"href":"https:\/\/francoiasi.ro\/index.php?rest_route=\/wp\/v2\/pages\/127\/revisions\/131"}],"up":[{"embeddable":true,"href":"https:\/\/francoiasi.ro\/index.php?rest_route=\/wp\/v2\/pages\/81"}],"wp:attachment":[{"href":"https:\/\/francoiasi.ro\/index.php?rest_route=%2Fwp%2Fv2%2Fmedia&parent=127"}],"curies":[{"name":"wp","href":"https:\/\/api.w.org\/{rel}","templated":true}]}}